{"id":4792,"date":"2021-10-25T15:12:40","date_gmt":"2021-10-26T08:50:45","guid":{"rendered":"https:\/\/farmaciadellago.ch\/prodotto\/cholley-creme-anti-rides-anti-cernes-anti-poches\/"},"modified":"2023-05-26T15:12:52","modified_gmt":"2023-05-26T13:12:52","slug":"cholley-creme-anti-rides-anti-cernes-anti-poches","status":"publish","type":"product","link":"https:\/\/farmaciadellago.ch\/fr\/prodotto\/cholley-creme-anti-rides-anti-cernes-anti-poches\/","title":{"rendered":"Cr\u00e8me pour le contour des yeux"},"content":{"rendered":"","protected":false},"excerpt":{"rendered":"<h3>CHOLLEY Phytocell Cr\u00e8me Contour des Yeux &#8211; Ref. 1005V<\/h3>\n<p>Cr\u00e8me Super Premium sp\u00e9cialement formul\u00e9e pour les rides, les cernes et le gonflement du contour des yeux. Bas\u00e9e sur la technologie exclusive IC-RAMP \u00ae CHOLLEY, cette cr\u00e8me a \u00e9t\u00e9 d\u00e9velopp\u00e9e dans le but de d\u00e9velopper le produit contour des yeux le plus complet, efficace et performant jamais lanc\u00e9 sur le march\u00e9. Il est riche en extraits de cellules souches suisses, en principes actifs phytobiologiques, en \u00e9mollients et en facteurs hydratants.<\/p>\n<p>AVANTAGES:<\/p>\n<ul>\n<li>R\u00e9duit la profondeur des rides<\/li>\n<li>Diminue la visibilit\u00e9 des cernes<\/li>\n<li>Am\u00e9liore la fermet\u00e9 et la douceur du contour des yeux.<\/li>\n<\/ul>\n","protected":false},"featured_media":4631,"comment_status":"closed","ping_status":"open","template":"","meta":{"_acf_changed":false,"_seopress_robots_primary_cat":"none","_seopress_titles_title":"CHOLLEY Phytocell Eye Contour Cream - Ref, Super Premium Cream sp\u00e9cifiquement formul\u00e9e pour les rides, les cernes et les gonflements autour des yeux.","_seopress_titles_desc":"Cette cr\u00e8me a \u00e9t\u00e9 d\u00e9velopp\u00e9e dans le but de mettre au point le produit contour des yeux le plus complet, le plus efficace et le plus performant jamais lanc\u00e9 sur le march\u00e9.","_seopress_robots_index":""},"product_brand":[],"product_cat":[159,152],"product_tag":[],"class_list":{"0":"post-4792","1":"product","2":"type-product","3":"status-publish","4":"has-post-thumbnail","6":"product_cat-phytocellule","7":"product_cat-produits-de-beaute","8":"pa_contenuto-15-ml-fr","10":"first","11":"instock","12":"shipping-taxable","13":"purchasable","14":"product-type-simple"},"acf":[],"_links":{"self":[{"href":"https:\/\/farmaciadellago.ch\/fr\/wp-json\/wp\/v2\/product\/4792","targetHints":{"allow":["GET"]}}],"collection":[{"href":"https:\/\/farmaciadellago.ch\/fr\/wp-json\/wp\/v2\/product"}],"about":[{"href":"https:\/\/farmaciadellago.ch\/fr\/wp-json\/wp\/v2\/types\/product"}],"replies":[{"embeddable":true,"href":"https:\/\/farmaciadellago.ch\/fr\/wp-json\/wp\/v2\/comments?post=4792"}],"wp:featuredmedia":[{"embeddable":true,"href":"https:\/\/farmaciadellago.ch\/fr\/wp-json\/wp\/v2\/media\/4631"}],"wp:attachment":[{"href":"https:\/\/farmaciadellago.ch\/fr\/wp-json\/wp\/v2\/media?parent=4792"}],"wp:term":[{"taxonomy":"product_brand","embeddable":true,"href":"https:\/\/farmaciadellago.ch\/fr\/wp-json\/wp\/v2\/product_brand?post=4792"},{"taxonomy":"product_cat","embeddable":true,"href":"https:\/\/farmaciadellago.ch\/fr\/wp-json\/wp\/v2\/product_cat?post=4792"},{"taxonomy":"product_tag","embeddable":true,"href":"https:\/\/farmaciadellago.ch\/fr\/wp-json\/wp\/v2\/product_tag?post=4792"}],"curies":[{"name":"wp","href":"https:\/\/api.w.org\/{rel}","templated":true}]}}