{"id":4970,"date":"2021-10-29T18:52:12","date_gmt":"2021-10-26T08:51:55","guid":{"rendered":"https:\/\/farmaciadellago.ch\/prodotto\/cholley-phytobiotech-baume-satine\/"},"modified":"2024-12-17T18:54:44","modified_gmt":"2024-12-17T17:54:44","slug":"cholley-phytobiotech-baume-satine","status":"publish","type":"product","link":"https:\/\/farmaciadellago.ch\/fr\/prodotto\/cholley-phytobiotech-baume-satine\/","title":{"rendered":"Baume satin\u00e9 pour le visage"},"content":{"rendered":"","protected":false},"excerpt":{"rendered":"<h3>CHOLLEY PHYTOBIOTECH Baume Satin\u00e9 &#8211; R\u00e9f. 1015V<\/h3>\n<p>CHOLLEY PHYTOBIOTECH Satin Balm est un baume de haute technologie d\u00e9velopp\u00e9 sp\u00e9cifiquement pour le probl\u00e8me du vieillissement li\u00e9 \u00e0 la glycation des fibres de soutien de la peau. Les trois principaux processus d\u00e9g\u00e9n\u00e9ratifs du vieillissement sont :<\/p>\n<ul>\n<li><span>Inflammation<\/span><\/li>\n<li><span>Oxydation<\/span><\/li>\n<li><span>Glycation<\/span><\/li>\n<\/ul>\n<p>Ces processus sont \u00e9troitement imbriqu\u00e9s dans un cercle vicieux. Le Baume Satin CHOLLEY PHYTOBIOTECH aide \u00e0 lutter contre l&rsquo;oxydation et l&rsquo;inflammation en prot\u00e9geant la peau de la glycation.<\/p>\n<p>AVANTAGES:<\/p>\n<ul>\n<li>Action anti-glycante, raffermissante et lissante.<\/li>\n<li>Effets d\u00e9toxifiants et blanchissants (d\u00e9coloration)<\/li>\n<li>Action antioxydante<\/li>\n<li>Action anti-inflammatoire apaisante<\/li>\n<li>Adoucissement et conditionnement intensifs de la peau.<\/li>\n<li>Action hydratante et filmog\u00e8ne<\/li>\n<li>Technologie avanc\u00e9e de conservation sans paraben<\/li>\n<\/ul>\n<p>&nbsp;<\/p>\n","protected":false},"featured_media":4419,"comment_status":"open","ping_status":"open","template":"","meta":{"_acf_changed":false,"_seopress_robots_primary_cat":"none","_seopress_titles_title":"CHOLLEY PHYTOBIOTECH Satin Balm est un baume pour le probl\u00e8me du vieillissement.","_seopress_titles_desc":"Le Baume Satin CHOLLEY PHYTOBIOTECH aide \u00e0 lutter contre l'oxydation et l'inflammation en prot\u00e9geant la peau de la glycation.","_seopress_robots_index":""},"product_brand":[],"product_cat":[207,152],"product_tag":[],"class_list":{"0":"post-4970","1":"product","2":"type-product","3":"status-publish","4":"has-post-thumbnail","6":"product_cat-phytobiotech-fr","7":"product_cat-produits-de-beaute","9":"first","10":"instock","11":"shipping-taxable","12":"purchasable","13":"product-type-simple"},"acf":[],"_links":{"self":[{"href":"https:\/\/farmaciadellago.ch\/fr\/wp-json\/wp\/v2\/product\/4970","targetHints":{"allow":["GET"]}}],"collection":[{"href":"https:\/\/farmaciadellago.ch\/fr\/wp-json\/wp\/v2\/product"}],"about":[{"href":"https:\/\/farmaciadellago.ch\/fr\/wp-json\/wp\/v2\/types\/product"}],"replies":[{"embeddable":true,"href":"https:\/\/farmaciadellago.ch\/fr\/wp-json\/wp\/v2\/comments?post=4970"}],"wp:featuredmedia":[{"embeddable":true,"href":"https:\/\/farmaciadellago.ch\/fr\/wp-json\/wp\/v2\/media\/4419"}],"wp:attachment":[{"href":"https:\/\/farmaciadellago.ch\/fr\/wp-json\/wp\/v2\/media?parent=4970"}],"wp:term":[{"taxonomy":"product_brand","embeddable":true,"href":"https:\/\/farmaciadellago.ch\/fr\/wp-json\/wp\/v2\/product_brand?post=4970"},{"taxonomy":"product_cat","embeddable":true,"href":"https:\/\/farmaciadellago.ch\/fr\/wp-json\/wp\/v2\/product_cat?post=4970"},{"taxonomy":"product_tag","embeddable":true,"href":"https:\/\/farmaciadellago.ch\/fr\/wp-json\/wp\/v2\/product_tag?post=4970"}],"curies":[{"name":"wp","href":"https:\/\/api.w.org\/{rel}","templated":true}]}}