{"id":4972,"date":"2021-09-30T16:06:16","date_gmt":"2021-10-26T08:51:55","guid":{"rendered":"https:\/\/farmaciadellago.ch\/prodotto\/cellipex-emulsion-pour-la-silhouette\/"},"modified":"2024-11-20T18:39:15","modified_gmt":"2024-11-20T17:39:15","slug":"cellipex-emulsion-pour-la-silhouette","status":"publish","type":"product","link":"https:\/\/farmaciadellago.ch\/fr\/prodotto\/cellipex-emulsion-pour-la-silhouette\/","title":{"rendered":"Cr\u00e8me anticellulite"},"content":{"rendered":"","protected":false},"excerpt":{"rendered":"<div class=\"page\" title=\"Page 11\">\n<div class=\"section\">\n<div class=\"layoutArea\">\n<div class=\"column\">\n<p>Riche cr\u00e8me anticellulite \u00e0 forte concentration de principes actifs et de phytoextraits \u00e0 action lipolytique (r\u00e9duction des graisses) et diur\u00e9tique (\u00e9limination de l&rsquo;eau) qui contribuent \u00e0 acc\u00e9l\u00e9rer le m\u00e9tabolisme local des graisses en r\u00e9tablissant l&rsquo;\u00e9quilibre thermique du tissu adipeux. Il minimise \u00e9galement la r\u00e9tention d&rsquo;eau gr\u00e2ce \u00e0 l&rsquo;\u00e9limination efficace de l&rsquo;exc\u00e8s de liquide et des toxines du corps.<\/p>\n<p>AVANTAGES:<\/p>\n<ul>\n<li>Action diur\u00e9tique intense pour r\u00e9duire l&rsquo;accumulation d&rsquo;eau et de toxines.<\/li>\n<li>Action lipolytique pour r\u00e9duire les d\u00e9p\u00f4ts de graisse<\/li>\n<li>Stimule la circulation capillaire pour am\u00e9liorer l&rsquo;oxyg\u00e9nation, l&rsquo;\u00e9quilibre thermique et le m\u00e9tabolisme des cellules graisseuses.<\/li>\n<li>Renforce le tissu conjonctif et prot\u00e8ge l&rsquo;int\u00e9grit\u00e9 des membranes cellulaires<\/li>\n<li>Action apaisante, d\u00e9congestionnante et rafra\u00eechissante<\/li>\n<li>Action \u00e9molliente et hydratante intense pour une peau plus ferme et un effet \u00ab\u00a0peau d&rsquo;orange\u00a0\u00bb moins visible.<\/li>\n<\/ul>\n<\/div>\n<\/div>\n<\/div>\n<\/div>\n","protected":false},"featured_media":7567,"comment_status":"open","ping_status":"open","template":"","meta":{"_acf_changed":false,"_seopress_robots_primary_cat":"none","_seopress_titles_title":"Cr\u00e8me anticellulite de Cholley - Farmacia del Lago","_seopress_titles_desc":"Cr\u00e8me anticellulite riche en principes actifs et en phytoextraits qui contribuent \u00e0 acc\u00e9l\u00e9rer le m\u00e9tabolisme local des graisses.","_seopress_robots_index":""},"product_brand":[],"product_cat":[201,152],"product_tag":[454],"class_list":{"0":"post-4972","1":"product","2":"type-product","3":"status-publish","4":"has-post-thumbnail","6":"product_cat-cellipex-fr","7":"product_cat-produits-de-beaute","8":"product_tag-anti-cellulite-fr","9":"pa_contenuto-200-ml-fr","11":"first","12":"instock","13":"featured","14":"shipping-taxable","15":"purchasable","16":"product-type-simple"},"acf":[],"_links":{"self":[{"href":"https:\/\/farmaciadellago.ch\/fr\/wp-json\/wp\/v2\/product\/4972","targetHints":{"allow":["GET"]}}],"collection":[{"href":"https:\/\/farmaciadellago.ch\/fr\/wp-json\/wp\/v2\/product"}],"about":[{"href":"https:\/\/farmaciadellago.ch\/fr\/wp-json\/wp\/v2\/types\/product"}],"replies":[{"embeddable":true,"href":"https:\/\/farmaciadellago.ch\/fr\/wp-json\/wp\/v2\/comments?post=4972"}],"wp:featuredmedia":[{"embeddable":true,"href":"https:\/\/farmaciadellago.ch\/fr\/wp-json\/wp\/v2\/media\/7567"}],"wp:attachment":[{"href":"https:\/\/farmaciadellago.ch\/fr\/wp-json\/wp\/v2\/media?parent=4972"}],"wp:term":[{"taxonomy":"product_brand","embeddable":true,"href":"https:\/\/farmaciadellago.ch\/fr\/wp-json\/wp\/v2\/product_brand?post=4972"},{"taxonomy":"product_cat","embeddable":true,"href":"https:\/\/farmaciadellago.ch\/fr\/wp-json\/wp\/v2\/product_cat?post=4972"},{"taxonomy":"product_tag","embeddable":true,"href":"https:\/\/farmaciadellago.ch\/fr\/wp-json\/wp\/v2\/product_tag?post=4972"}],"curies":[{"name":"wp","href":"https:\/\/api.w.org\/{rel}","templated":true}]}}