{"id":5033,"date":"2021-09-30T16:18:02","date_gmt":"2021-10-26T08:52:06","guid":{"rendered":"https:\/\/farmaciadellago.ch\/prodotto\/bioregene-fluide\/"},"modified":"2022-11-18T16:08:27","modified_gmt":"2022-11-18T15:08:27","slug":"fluides-bioregeniques","status":"publish","type":"product","link":"https:\/\/farmaciadellago.ch\/fr\/prodotto\/fluides-bioregeniques\/","title":{"rendered":"Lotion super hydratante pour le visage"},"content":{"rendered":"","protected":false},"excerpt":{"rendered":"<div class=\"page\" title=\"Page 8\">\n<div class=\"section\">\n<div class=\"layoutArea\">\n<div class=\"column\">\n<p>Riche cocktail de phytoextraits, d&rsquo;acides amin\u00e9s et de facteurs naturels d&rsquo;hydratation qui am\u00e9liore et renforce la r\u00e9sistance des peaux fragiles.<br \/>\nOptimise le pH des peaux s\u00e8ches, matures et d\u00e9shydrat\u00e9es et acc\u00e9l\u00e8re la r\u00e9g\u00e9n\u00e9ration de nouveaux tissus de soutien pour une peau plus forte, plus \u00e9lastique et plus ferme.<\/p>\n<p>AVANTAGES:<\/p>\n<ul>\n<li><span>Action hydratante et tonifiante intense<\/span><\/li>\n<li><span>Riche en pr\u00e9curseurs de fibres de collag\u00e8ne et en vitamines pour stimuler le processus de r\u00e9g\u00e9n\u00e9ration et l&rsquo;oxyg\u00e9nation de la peau.<\/span><\/li>\n<li><span>R\u00e9tablit le pH optimal de la peau et la prot\u00e8ge contre les radicaux libres.<\/span><\/li>\n<li><span>Action astringente pour rendre la peau lisse et souple.<\/span><\/li>\n<li><span>Action apaisante et d\u00e9congestionnante pour soulager la rosac\u00e9e et les rougeurs.<\/span><\/li>\n<li><span>Action purifiante et rafra\u00eechissante<\/span><\/li>\n<\/ul>\n<\/div><\/div>\n<\/p><\/div>\n<\/p><\/div>\n","protected":false},"featured_media":4447,"comment_status":"open","ping_status":"open","template":"","meta":{"_acf_changed":false,"_seopress_robots_primary_cat":"none","_seopress_titles_title":"","_seopress_titles_desc":"","_seopress_robots_index":""},"product_brand":[],"product_cat":[195,152],"product_tag":[],"class_list":{"0":"post-5033","1":"product","2":"type-product","3":"status-publish","4":"has-post-thumbnail","6":"product_cat-bioregeneration","7":"product_cat-produits-de-beaute","8":"pa_contenuto-200-ml-fr","10":"first","11":"instock","12":"shipping-taxable","13":"purchasable","14":"product-type-simple"},"acf":[],"_links":{"self":[{"href":"https:\/\/farmaciadellago.ch\/fr\/wp-json\/wp\/v2\/product\/5033","targetHints":{"allow":["GET"]}}],"collection":[{"href":"https:\/\/farmaciadellago.ch\/fr\/wp-json\/wp\/v2\/product"}],"about":[{"href":"https:\/\/farmaciadellago.ch\/fr\/wp-json\/wp\/v2\/types\/product"}],"replies":[{"embeddable":true,"href":"https:\/\/farmaciadellago.ch\/fr\/wp-json\/wp\/v2\/comments?post=5033"}],"wp:featuredmedia":[{"embeddable":true,"href":"https:\/\/farmaciadellago.ch\/fr\/wp-json\/wp\/v2\/media\/4447"}],"wp:attachment":[{"href":"https:\/\/farmaciadellago.ch\/fr\/wp-json\/wp\/v2\/media?parent=5033"}],"wp:term":[{"taxonomy":"product_brand","embeddable":true,"href":"https:\/\/farmaciadellago.ch\/fr\/wp-json\/wp\/v2\/product_brand?post=5033"},{"taxonomy":"product_cat","embeddable":true,"href":"https:\/\/farmaciadellago.ch\/fr\/wp-json\/wp\/v2\/product_cat?post=5033"},{"taxonomy":"product_tag","embeddable":true,"href":"https:\/\/farmaciadellago.ch\/fr\/wp-json\/wp\/v2\/product_tag?post=5033"}],"curies":[{"name":"wp","href":"https:\/\/api.w.org\/{rel}","templated":true}]}}