{"id":5038,"date":"2021-10-01T09:26:46","date_gmt":"2021-10-26T08:52:07","guid":{"rendered":"https:\/\/farmaciadellago.ch\/prodotto\/bioregene-creme-contour-des-yeux\/"},"modified":"2022-11-18T16:07:45","modified_gmt":"2022-11-18T15:07:45","slug":"bioregene-creme-contour-des-yeux","status":"publish","type":"product","link":"https:\/\/farmaciadellago.ch\/fr\/prodotto\/bioregene-creme-contour-des-yeux\/","title":{"rendered":"Cr\u00e8me anti-rides et hydratante pour le contour des yeux"},"content":{"rendered":"","protected":false},"excerpt":{"rendered":"<div class=\"page\" title=\"Page 8\">\n<div class=\"section\">\n<div class=\"layoutArea\">\n<div class=\"column\">\n<p>Cr\u00e8me anti-rides et hydratante \u00e0 la texture riche et l\u00e9g\u00e8re sp\u00e9cialement formul\u00e9e pour r\u00e9parer, renforcer et hydrater le contour des yeux en donnant un aspect plus lisse, plus doux et plus jeune. Son action dermo-r\u00e9paratrice sur le tissu conjonctif freine la formation de nouvelles rides. Il ne doit \u00eatre utilis\u00e9 que sur la peau, autour des yeux et des tempes. Aide \u00e0 garder la peau ferme, souple et sans rides.<\/p>\n<p>AVANTAGES:<\/p>\n<ul>\n<li><span><span>Action anti-rides et r\u00e9paratrice du tissu conjonctif<\/span><\/span><\/li>\n<li><span><span>Action hydratante intense<\/span><\/span><\/li>\n<li><span><span>Action raffermissante et \u00e9molliente pour une peau plus douce et plus \u00e9lastique.<\/span><\/span><\/li>\n<li><span><span>Action antioxydante<\/span><\/span><\/li>\n<\/ul>\n<\/div><\/div>\n<\/p><\/div>\n<\/p><\/div>\n","protected":false},"featured_media":4471,"comment_status":"open","ping_status":"open","template":"","meta":{"_acf_changed":false,"_seopress_robots_primary_cat":"none","_seopress_titles_title":"","_seopress_titles_desc":"","_seopress_robots_index":""},"product_brand":[],"product_cat":[195,152],"product_tag":[],"class_list":{"0":"post-5038","1":"product","2":"type-product","3":"status-publish","4":"has-post-thumbnail","6":"product_cat-bioregeneration","7":"product_cat-produits-de-beaute","8":"pa_contenuto-15-ml-fr","10":"first","11":"instock","12":"shipping-taxable","13":"purchasable","14":"product-type-simple"},"acf":[],"_links":{"self":[{"href":"https:\/\/farmaciadellago.ch\/fr\/wp-json\/wp\/v2\/product\/5038","targetHints":{"allow":["GET"]}}],"collection":[{"href":"https:\/\/farmaciadellago.ch\/fr\/wp-json\/wp\/v2\/product"}],"about":[{"href":"https:\/\/farmaciadellago.ch\/fr\/wp-json\/wp\/v2\/types\/product"}],"replies":[{"embeddable":true,"href":"https:\/\/farmaciadellago.ch\/fr\/wp-json\/wp\/v2\/comments?post=5038"}],"wp:featuredmedia":[{"embeddable":true,"href":"https:\/\/farmaciadellago.ch\/fr\/wp-json\/wp\/v2\/media\/4471"}],"wp:attachment":[{"href":"https:\/\/farmaciadellago.ch\/fr\/wp-json\/wp\/v2\/media?parent=5038"}],"wp:term":[{"taxonomy":"product_brand","embeddable":true,"href":"https:\/\/farmaciadellago.ch\/fr\/wp-json\/wp\/v2\/product_brand?post=5038"},{"taxonomy":"product_cat","embeddable":true,"href":"https:\/\/farmaciadellago.ch\/fr\/wp-json\/wp\/v2\/product_cat?post=5038"},{"taxonomy":"product_tag","embeddable":true,"href":"https:\/\/farmaciadellago.ch\/fr\/wp-json\/wp\/v2\/product_tag?post=5038"}],"curies":[{"name":"wp","href":"https:\/\/api.w.org\/{rel}","templated":true}]}}