{"id":5055,"date":"2021-09-30T16:08:32","date_gmt":"2021-10-26T08:52:08","guid":{"rendered":"https:\/\/farmaciadellago.ch\/prodotto\/concentre-silhouette-cellipex\/"},"modified":"2024-11-20T18:26:34","modified_gmt":"2024-11-20T17:26:34","slug":"cellipex-silhouette-concentre","status":"publish","type":"product","link":"https:\/\/farmaciadellago.ch\/fr\/prodotto\/cellipex-silhouette-concentre\/","title":{"rendered":"Concentr\u00e9 Silhouette riche en bioactivateurs naturels"},"content":{"rendered":"","protected":false},"excerpt":{"rendered":"<div class=\"page\" title=\"Page 11\">\n<div class=\"section\">\n<div class=\"layoutArea\">\n<div class=\"column\">\n<p>CELLIPEX Silhouette Concentr\u00e9 est un produit exceptionnel et concentr\u00e9 qui utilise un riche m\u00e9lange de bio-activateurs naturels du processus de lipolyse pour d\u00e9clencher la d\u00e9gradation de la cellulite et des d\u00e9p\u00f4ts graisseux localis\u00e9s. Il contient du Gelidium cartilagineum, un pr\u00e9cieux extrait d&rsquo;algues rouges, et de la caf\u00e9ine dont l&rsquo;action combin\u00e9e stimule les r\u00e9cepteurs d&rsquo;adr\u00e9naline dans les cellules graisseuses, initiant ainsi le processus de lipolyse. C&rsquo;est un produit amincissant id\u00e9al pour les cuisses, les fesses et l&rsquo;abdomen.<\/p>\n<p>AVANTAGES:<\/p>\n<ul>\n<li>Stimulation du processus de lipolyse (d\u00e9gradation des graisses et des triglyc\u00e9rides)<\/li>\n<li>Action drainante combin\u00e9e \u00e0 la lipolyse pour \u00e9liminer l&rsquo;exc\u00e8s d&rsquo;eau<\/li>\n<li>Action hydratante, \u00e9lasticisante et \u00e9molliente sur la peau<\/li>\n<li>Propri\u00e9t\u00e9s antioxydantes<\/li>\n<\/ul>\n<\/div>\n<p>&nbsp;<\/p>\n<\/div>\n<\/div>\n<\/div>\n","protected":false},"featured_media":7563,"comment_status":"open","ping_status":"open","template":"","meta":{"_acf_changed":false,"_seopress_robots_primary_cat":"none","_seopress_titles_title":"Concentr\u00e9 Silhouette riche en bioactivateurs naturels","_seopress_titles_desc":"CELLIPEX Silhouette Concentr\u00e9 est un produit exceptionnel et concentr\u00e9 qui utilise un riche m\u00e9lange de bio-activateurs naturels du processus de lipolyse pour d\u00e9clencher la d\u00e9gradation de la cellulite et des d\u00e9p\u00f4ts graisseux localis\u00e9s.","_seopress_robots_index":""},"product_brand":[],"product_cat":[201,152],"product_tag":[454],"class_list":{"0":"post-5055","1":"product","2":"type-product","3":"status-publish","4":"has-post-thumbnail","6":"product_cat-cellipex-fr","7":"product_cat-produits-de-beaute","8":"product_tag-anti-cellulite-fr","9":"pa_contenuto-200-ml-fr","11":"first","12":"instock","13":"featured","14":"shipping-taxable","15":"purchasable","16":"product-type-simple"},"acf":[],"_links":{"self":[{"href":"https:\/\/farmaciadellago.ch\/fr\/wp-json\/wp\/v2\/product\/5055","targetHints":{"allow":["GET"]}}],"collection":[{"href":"https:\/\/farmaciadellago.ch\/fr\/wp-json\/wp\/v2\/product"}],"about":[{"href":"https:\/\/farmaciadellago.ch\/fr\/wp-json\/wp\/v2\/types\/product"}],"replies":[{"embeddable":true,"href":"https:\/\/farmaciadellago.ch\/fr\/wp-json\/wp\/v2\/comments?post=5055"}],"wp:featuredmedia":[{"embeddable":true,"href":"https:\/\/farmaciadellago.ch\/fr\/wp-json\/wp\/v2\/media\/7563"}],"wp:attachment":[{"href":"https:\/\/farmaciadellago.ch\/fr\/wp-json\/wp\/v2\/media?parent=5055"}],"wp:term":[{"taxonomy":"product_brand","embeddable":true,"href":"https:\/\/farmaciadellago.ch\/fr\/wp-json\/wp\/v2\/product_brand?post=5055"},{"taxonomy":"product_cat","embeddable":true,"href":"https:\/\/farmaciadellago.ch\/fr\/wp-json\/wp\/v2\/product_cat?post=5055"},{"taxonomy":"product_tag","embeddable":true,"href":"https:\/\/farmaciadellago.ch\/fr\/wp-json\/wp\/v2\/product_tag?post=5055"}],"curies":[{"name":"wp","href":"https:\/\/api.w.org\/{rel}","templated":true}]}}