{"id":5132,"date":"2021-10-29T18:44:04","date_gmt":"2021-11-03T14:58:32","guid":{"rendered":"https:\/\/farmaciadellago.ch\/prodotto\/serum-cholley-phytobiotech-instant-lifter\/"},"modified":"2023-05-26T14:53:09","modified_gmt":"2023-05-26T12:53:09","slug":"cholley-phytobiotech-instant-lifter-serum","status":"publish","type":"product","link":"https:\/\/farmaciadellago.ch\/fr\/prodotto\/cholley-phytobiotech-instant-lifter-serum\/","title":{"rendered":"S\u00e9rum liftant instantan\u00e9"},"content":{"rendered":"","protected":false},"excerpt":{"rendered":"<h3>CHOLLEY PHYTOBIOTECH Instant Lifter &#8211; R\u00e9f. 1018V<\/h3>\n<p>S\u00e9rum d&rsquo;exception \u00e0 l&rsquo;effet anti-\u00e2ge et liftant imm\u00e9diat et prolong\u00e9 tout au long de la journ\u00e9e. C&rsquo;est un excellent produit qui aide \u00e0 r\u00e9duire les rides et \u00e0 raffermir la peau. Il utilise les derni\u00e8res innovations de la technologie suisse et des principes actifs phytobiologiques de la plus haute qualit\u00e9, offrant une efficacit\u00e9 prouv\u00e9e, une rapidit\u00e9 d&rsquo;action et une douceur sur la peau. L&rsquo;action raffermissante de CHOLLEY PHYTOBIOTECH Instant Lifter r\u00e9duit consid\u00e9rablement le rel\u00e2chement de la peau et la visibilit\u00e9 des rides.<\/p>\n<p>Il est sp\u00e9cifiquement formul\u00e9 avec les ingr\u00e9dients naturels les plus avanc\u00e9s pour r\u00e9pondre aux besoins des clients pour :<\/p>\n<ul>\n<li>Une efficacit\u00e9 prouv\u00e9e<\/li>\n<li>Vitesse d&rsquo;action<\/li>\n<li>Confortable \u00e0 porter<\/li>\n<\/ul>\n<p>&nbsp;<\/p>\n<p>AVANTAGES:<\/p>\n<ul>\n<li>Action anti-\u00e2ge et raffermissante gr\u00e2ce \u00e0 une production accrue de nouvelles fibres de collag\u00e8ne et d&rsquo;\u00e9lastine.<\/li>\n<li>Action anti-rides instantan\u00e9e et lifting longue dur\u00e9e gr\u00e2ce \u00e0 des polym\u00e8res naturels avanc\u00e9s.<\/li>\n<li>Action hydratante et lissante pour une peau d&rsquo;apparence plus riche et un port confortable.<\/li>\n<li>Antioxydant naturel, pi\u00e9geur de radicaux libres, protecteur de l&rsquo;ADN.<\/li>\n<\/ul>\n<p>&nbsp;<\/p>\n<p>&nbsp;<\/p>\n<p>&nbsp;<\/p>\n<p>&nbsp;<\/p>\n","protected":false},"featured_media":5122,"comment_status":"open","ping_status":"open","template":"","meta":{"_acf_changed":false,"_seopress_robots_primary_cat":"none","_seopress_titles_title":"CHOLLEY PHYTOBIOTECH Instant Lifter - Ref, s\u00e9rum exceptionnel avec un effet anti-\u00e2ge et lifting imm\u00e9diat et prolong\u00e9 tout au long de la journ\u00e9e.","_seopress_titles_desc":"C'est un excellent produit qui aide \u00e0 r\u00e9duire les rides et \u00e0 raffermir la peau.","_seopress_robots_index":""},"product_brand":[],"product_cat":[207,152,211],"product_tag":[],"class_list":{"0":"post-5132","1":"product","2":"type-product","3":"status-publish","4":"has-post-thumbnail","6":"product_cat-phytobiotech-fr","7":"product_cat-produits-de-beaute","8":"product_cat-produits-de-beaute-fr","10":"first","11":"instock","12":"featured","13":"shipping-taxable","14":"purchasable","15":"product-type-simple"},"acf":[],"_links":{"self":[{"href":"https:\/\/farmaciadellago.ch\/fr\/wp-json\/wp\/v2\/product\/5132","targetHints":{"allow":["GET"]}}],"collection":[{"href":"https:\/\/farmaciadellago.ch\/fr\/wp-json\/wp\/v2\/product"}],"about":[{"href":"https:\/\/farmaciadellago.ch\/fr\/wp-json\/wp\/v2\/types\/product"}],"replies":[{"embeddable":true,"href":"https:\/\/farmaciadellago.ch\/fr\/wp-json\/wp\/v2\/comments?post=5132"}],"wp:featuredmedia":[{"embeddable":true,"href":"https:\/\/farmaciadellago.ch\/fr\/wp-json\/wp\/v2\/media\/5122"}],"wp:attachment":[{"href":"https:\/\/farmaciadellago.ch\/fr\/wp-json\/wp\/v2\/media?parent=5132"}],"wp:term":[{"taxonomy":"product_brand","embeddable":true,"href":"https:\/\/farmaciadellago.ch\/fr\/wp-json\/wp\/v2\/product_brand?post=5132"},{"taxonomy":"product_cat","embeddable":true,"href":"https:\/\/farmaciadellago.ch\/fr\/wp-json\/wp\/v2\/product_cat?post=5132"},{"taxonomy":"product_tag","embeddable":true,"href":"https:\/\/farmaciadellago.ch\/fr\/wp-json\/wp\/v2\/product_tag?post=5132"}],"curies":[{"name":"wp","href":"https:\/\/api.w.org\/{rel}","templated":true}]}}