{"id":5135,"date":"2021-10-29T18:39:11","date_gmt":"2021-11-03T14:58:32","guid":{"rendered":"https:\/\/farmaciadellago.ch\/prodotto\/cholley-phytobiotech-detox-revitalisant\/"},"modified":"2023-05-26T14:56:49","modified_gmt":"2023-05-26T12:56:49","slug":"cholley-phytobiotech-detox-revitalizer","status":"publish","type":"product","link":"https:\/\/farmaciadellago.ch\/fr\/prodotto\/cholley-phytobiotech-detox-revitalizer\/","title":{"rendered":"Cr\u00e8me revitalisante pour le visage"},"content":{"rendered":"","protected":false},"excerpt":{"rendered":"<h3>CHOLLEY PHYTOBIOTECH Detox Revitalizer &#8211; Ref. 1011V<\/h3>\n<p>Cr\u00e8me visage d&rsquo;exception sp\u00e9cifiquement formul\u00e9e pour prot\u00e9ger contre la pollution et autres facteurs de stress qui privent la peau de force et de vitalit\u00e9. Il est cliniquement prouv\u00e9 avec une efficacit\u00e9 prouv\u00e9e dans la r\u00e9duction de l&rsquo;oxydation des polluants urbains jusqu&rsquo;\u00e0 50 %. Il favorise \u00e9galement le raffermissement et l&rsquo;\u00e9lasticit\u00e9 de la peau gr\u00e2ce \u00e0 l&rsquo;augmentation jusqu&rsquo;\u00e0 45% de la synth\u00e8se des prot\u00e9ines, comme le collag\u00e8ne.<br \/>\nIl a des propri\u00e9t\u00e9s d\u00e9toxifiantes \u00e9lev\u00e9es qui donnent \u00e0 la peau un aspect plus fort, r\u00e9g\u00e9n\u00e9r\u00e9, compact et plein d&rsquo;\u00e9nergie. Il am\u00e9liore \u00e9galement le processus de \u00ab\u00a0k\u00e9ratinisation\u00a0\u00bb, essentiel pour une bonne cicatrisation de la peau apr\u00e8s une blessure ou un traumatisme. C&rsquo;est le produit optimal pour renforcer et hydrater la peau avant la chirurgie plastique, assurant ainsi une r\u00e9cup\u00e9ration rapide et une cicatrisation minimale.<\/p>\n<p>AVANTAGES:<\/p>\n<ul>\n<li>Action d\u00e9toxifiante et antioxydante impressionnante<\/li>\n<li>Combat les hormones de stress, caus\u00e9es par la pollution ou les blessures, qui privent la peau de sa force et de sa vitalit\u00e9.<\/li>\n<li>R\u00e9duit le stress oxydatif jusqu&rsquo;\u00e0 50 %.<\/li>\n<li>Action anti-\u00e2ge intense pour une peau forte et r\u00e9sistante en renfor\u00e7ant jusqu&rsquo;\u00e0 45% la synth\u00e8se des prot\u00e9ines telles que le collag\u00e8ne.<\/li>\n<li>Riche en :<\/li>\n<li>Oligopeptides, acides amin\u00e9s et micronutriments pour une peau ferme et rebondie.<\/li>\n<li>Facteurs naturels d&rsquo;hydratation (NMF) et pr\u00e9curseurs d&rsquo;acide hyaluronique pour une hydratation profonde et durable.<\/li>\n<li>Des huiles naturelles pr\u00e9cieuses pour une peau douce et \u00e9clatante<\/li>\n<\/ul>\n","protected":false},"featured_media":5112,"comment_status":"closed","ping_status":"open","template":"","meta":{"_acf_changed":false,"_seopress_robots_primary_cat":"none","_seopress_titles_title":"CHOLLEY PHYTOBIOTECH Detox Revitalizer - Ref, cr\u00e8me visage","_seopress_titles_desc":"Cr\u00e8me visage d'exception sp\u00e9cifiquement formul\u00e9e pour prot\u00e9ger contre la pollution et autres facteurs de stress qui privent la peau de force et de vitalit\u00e9.","_seopress_robots_index":""},"product_brand":[],"product_cat":[207,152,211],"product_tag":[],"class_list":{"0":"post-5135","1":"product","2":"type-product","3":"status-publish","4":"has-post-thumbnail","6":"product_cat-phytobiotech-fr","7":"product_cat-produits-de-beaute","8":"product_cat-produits-de-beaute-fr","10":"first","11":"instock","12":"shipping-taxable","13":"purchasable","14":"product-type-simple"},"acf":[],"_links":{"self":[{"href":"https:\/\/farmaciadellago.ch\/fr\/wp-json\/wp\/v2\/product\/5135","targetHints":{"allow":["GET"]}}],"collection":[{"href":"https:\/\/farmaciadellago.ch\/fr\/wp-json\/wp\/v2\/product"}],"about":[{"href":"https:\/\/farmaciadellago.ch\/fr\/wp-json\/wp\/v2\/types\/product"}],"replies":[{"embeddable":true,"href":"https:\/\/farmaciadellago.ch\/fr\/wp-json\/wp\/v2\/comments?post=5135"}],"wp:featuredmedia":[{"embeddable":true,"href":"https:\/\/farmaciadellago.ch\/fr\/wp-json\/wp\/v2\/media\/5112"}],"wp:attachment":[{"href":"https:\/\/farmaciadellago.ch\/fr\/wp-json\/wp\/v2\/media?parent=5135"}],"wp:term":[{"taxonomy":"product_brand","embeddable":true,"href":"https:\/\/farmaciadellago.ch\/fr\/wp-json\/wp\/v2\/product_brand?post=5135"},{"taxonomy":"product_cat","embeddable":true,"href":"https:\/\/farmaciadellago.ch\/fr\/wp-json\/wp\/v2\/product_cat?post=5135"},{"taxonomy":"product_tag","embeddable":true,"href":"https:\/\/farmaciadellago.ch\/fr\/wp-json\/wp\/v2\/product_tag?post=5135"}],"curies":[{"name":"wp","href":"https:\/\/api.w.org\/{rel}","templated":true}]}}