{"id":5764,"date":"2022-05-20T11:42:54","date_gmt":"2022-05-20T09:43:12","guid":{"rendered":"https:\/\/farmaciadellago.ch\/prodotto\/le-serum-royal-de-celergen\/"},"modified":"2024-11-21T13:18:57","modified_gmt":"2024-11-21T12:18:57","slug":"celergen-siero-royale","status":"publish","type":"product","link":"https:\/\/farmaciadellago.ch\/fr\/prodotto\/celergen-siero-royale\/","title":{"rendered":"Le s\u00e9rum royal de Celergen"},"content":{"rendered":"<pre id=\"tw-target-text\" class=\"tw-data-text tw-text-large tw-ta\" dir=\"ltr\" data-placeholder=\"Traduzione\"><span class=\"Y2IQFc\" lang=\"it\">Il siero di rigenerazione cellulare Swiss BIO DNA di Celergen \u00e8 una formula potente e ricca di nutrienti che trasforma la pelle migliorando visibilmente l'idratazione, la compattezza, le rughe, l'elasticit\u00e0, le rughe e le macchie dell'et\u00e0. La nostra formula proprietaria ripara e rinnova a livello cellulare, stimolando la sintesi naturale del collagene e inibendo il processo di invecchiamento dove inizia.<\/span><\/pre>\n","protected":false},"excerpt":{"rendered":"<p>Le s\u00e9rum de r\u00e9g\u00e9n\u00e9ration cellulaire Swiss BIO DNA de Celergen est une formule puissante et riche en nutriments qui transforme la peau en am\u00e9liorant visiblement l&rsquo;hydratation, la fermet\u00e9, l&rsquo;\u00e9lasticit\u00e9, les rides et les taches de vieillesse. Notre formule exclusive r\u00e9pare et renouvelle au niveau cellulaire, en stimulant la synth\u00e8se naturelle du collag\u00e8ne et en inhibant le processus de vieillissement l\u00e0 o\u00f9 il commence.<\/p>\n","protected":false},"featured_media":5759,"comment_status":"open","ping_status":"open","template":"","meta":{"_acf_changed":false,"_seopress_robots_primary_cat":"none","_seopress_titles_title":"S\u00e9rum de r\u00e9g\u00e9n\u00e9ration cellulaire Celergen","_seopress_titles_desc":"Le s\u00e9rum de r\u00e9g\u00e9n\u00e9ration cellulaire de Celergen est une formule puissante, riche en nutriments, qui transforme la peau en am\u00e9liorant visiblement l'hydratation, la fermet\u00e9 et l'\u00e9lasticit\u00e9.","_seopress_robots_index":""},"product_brand":[],"product_cat":[302,178],"product_tag":[466],"class_list":{"0":"post-5764","1":"product","2":"type-product","3":"status-publish","4":"has-post-thumbnail","6":"product_cat-celergen-fr","7":"product_cat-cholley-fr","8":"product_tag-visage","10":"first","11":"instock","12":"shipping-taxable","13":"purchasable","14":"product-type-simple"},"acf":[],"_links":{"self":[{"href":"https:\/\/farmaciadellago.ch\/fr\/wp-json\/wp\/v2\/product\/5764","targetHints":{"allow":["GET"]}}],"collection":[{"href":"https:\/\/farmaciadellago.ch\/fr\/wp-json\/wp\/v2\/product"}],"about":[{"href":"https:\/\/farmaciadellago.ch\/fr\/wp-json\/wp\/v2\/types\/product"}],"replies":[{"embeddable":true,"href":"https:\/\/farmaciadellago.ch\/fr\/wp-json\/wp\/v2\/comments?post=5764"}],"wp:featuredmedia":[{"embeddable":true,"href":"https:\/\/farmaciadellago.ch\/fr\/wp-json\/wp\/v2\/media\/5759"}],"wp:attachment":[{"href":"https:\/\/farmaciadellago.ch\/fr\/wp-json\/wp\/v2\/media?parent=5764"}],"wp:term":[{"taxonomy":"product_brand","embeddable":true,"href":"https:\/\/farmaciadellago.ch\/fr\/wp-json\/wp\/v2\/product_brand?post=5764"},{"taxonomy":"product_cat","embeddable":true,"href":"https:\/\/farmaciadellago.ch\/fr\/wp-json\/wp\/v2\/product_cat?post=5764"},{"taxonomy":"product_tag","embeddable":true,"href":"https:\/\/farmaciadellago.ch\/fr\/wp-json\/wp\/v2\/product_tag?post=5764"}],"curies":[{"name":"wp","href":"https:\/\/api.w.org\/{rel}","templated":true}]}}