{"id":6243,"date":"2023-05-24T17:07:06","date_gmt":"2023-05-24T15:07:42","guid":{"rendered":"https:\/\/farmaciadellago.ch\/prodotto\/sinuston-breast-enhancement-cream-creme-raffermissante-pour-les-seins\/"},"modified":"2024-11-20T18:50:58","modified_gmt":"2024-11-20T17:50:58","slug":"sinuston-creme-damelioration-de-la-poitrine-creme-raffermissante","status":"publish","type":"product","link":"https:\/\/farmaciadellago.ch\/fr\/prodotto\/sinuston-creme-damelioration-de-la-poitrine-creme-raffermissante\/","title":{"rendered":"SINUSTON BREAST ENHANCEMENT CREAM | CR\u00c8ME RAFFERMISSANTE POUR LES SEINS"},"content":{"rendered":"<p id=\"ui-id-1\" class=\"wpb_accordion_header ui-accordion-header ui-corner-top ui-state-default ui-accordion-icons ui-accordion-header-active ui-state-active\" tabindex=\"0\" role=\"tab\" aria-controls=\"ui-id-2\" aria-selected=\"true\" aria-expanded=\"true\"><strong>B\u00c9N\u00c9FICES<\/strong><br \/>\n&#8211; Action astringente pour une peau plus ferme et plus tonique, pour pr\u00e9venir le \u00ab\u00a0rel\u00e2chement des seins\u00a0\u00bb.<br \/>\n&#8211; Action antioxydante pour inhiber les dommages caus\u00e9s par les radicaux libres.<br \/>\n&#8211; Stimule la r\u00e9g\u00e9n\u00e9ration cellulaire pour plus de maintien et de tonicit\u00e9.<br \/>\n&#8211; Hydratation profonde et action \u00e9molliente pour augmenter l&rsquo;\u00e9lasticit\u00e9 de la peau et pr\u00e9venir les vergetures.<\/p>\n<h3 id=\"ui-id-3\" class=\"wpb_accordion_header ui-accordion-header ui-corner-top ui-state-default ui-accordion-icons ui-accordion-header-active ui-state-active\" tabindex=\"0\" role=\"tab\" aria-controls=\"ui-id-4\" aria-selected=\"true\" aria-expanded=\"true\"><\/h3>\n<div id=\"ui-id-4\" class=\"wpb_accordion_content ui-accordion-content vc_clearfix ui-corner-bottom ui-helper-reset ui-widget-content ui-accordion-content-active\" role=\"tabpanel\" aria-labelledby=\"ui-id-3\" aria-hidden=\"false\">\n<div class=\"wpb_text_column wpb_content_element \">\n<div class=\"wpb_wrapper\">\n<p><strong>UTILISATION RECOMMAND\u00c9E<\/strong><br \/>\nSINUSTON Cr\u00e8me pour les Seins est un produit raffermissant, hydratant et \u00e9mollient pour les seins qui peut \u00eatre utilis\u00e9 par les femmes de tous \u00e2ges. Il est particuli\u00e8rement utile pour pr\u00e9venir l&rsquo;affaissement des seins (ptose) d\u00fb au vieillissement, \u00e0 la m\u00e9nopause, \u00e0 la grossesse et \u00e0 l&rsquo;allaitement. Il est \u00e9galement tr\u00e8s efficace pour pr\u00e9venir les vergetures caus\u00e9es par une perte de poids importante ou la fin de la p\u00e9riode d&rsquo;allaitement.<\/p>\n<\/div>\n<\/div>\n<\/div>\n","protected":false},"excerpt":{"rendered":"<div class=\"wpb_text_column wpb_content_element \">\n<div class=\"wpb_wrapper\">\n<p>La cr\u00e8me pour les seins SINUSTON a \u00e9t\u00e9 sp\u00e9cialement formul\u00e9e pour raffermir, hydrater et tonifier les seins. Il s&rsquo;agit d&rsquo;une cr\u00e8me d&rsquo;am\u00e9lioration mammaire hautement raffin\u00e9e, \u00e0 la texture somptueuse et au parfum d\u00e9licat, riche en facteurs hydratants, en extraits v\u00e9g\u00e9taux s\u00e9lectionn\u00e9s, en pr\u00e9curseurs de fibres de collag\u00e8ne et en vitamines renfor\u00e7ant les tissus, pour un soutien et une \u00e9lasticit\u00e9 accrus.<\/p>\n<\/div>\n<\/div>\n<div class=\"wpb_accordion wpb_content_element not-column-inherit\" data-collapsible=\"\" data-vc-disable-keydown=\"false\" data-active-tab=\"1\">\n<div class=\"wpb_wrapper wpb_accordion_wrapper ui-accordion ui-widget ui-helper-reset\" role=\"tablist\">\n<div class=\"wpb_accordion_section group\">\n<p id=\"ui-id-1\" class=\"wpb_accordion_header ui-accordion-header ui-corner-top ui-state-default ui-accordion-icons ui-accordion-header-active ui-state-active\" tabindex=\"0\" role=\"tab\" aria-controls=\"ui-id-2\" aria-selected=\"true\" aria-expanded=\"true\">\n<p>A<strong>VANTAGES<\/strong> &#8211; Action astringente pour une peau plus ferme et plus tonique, pour pr\u00e9venir le \u00ab\u00a0rel\u00e2chement des seins\u00a0\u00bb &#8211; Action antioxydante pour inhiber les dommages caus\u00e9s par les radicaux libres &#8211; Stimule la r\u00e9g\u00e9n\u00e9ration cellulaire pour plus de soutien et de fermet\u00e9 &#8211; Action hydratante et \u00e9molliente en profondeur pour augmenter l&rsquo;\u00e9lasticit\u00e9 de la peau et pr\u00e9venir les vergetures<\/p>\n<h3 id=\"ui-id-3\" class=\"wpb_accordion_header ui-accordion-header ui-corner-top ui-state-default ui-accordion-icons ui-accordion-header-active ui-state-active\" tabindex=\"0\" role=\"tab\" aria-controls=\"ui-id-4\" aria-selected=\"true\" aria-expanded=\"true\"><\/h3>\n<div id=\"ui-id-4\" class=\"wpb_accordion_content ui-accordion-content vc_clearfix ui-corner-bottom ui-helper-reset ui-widget-content ui-accordion-content-active\" role=\"tabpanel\" aria-labelledby=\"ui-id-3\" aria-hidden=\"false\">\n<div class=\"wpb_text_column wpb_content_element \">\n<div class=\"wpb_wrapper\">\n<p>U<strong>TILISATION RECOMMAND\u00c9E<\/strong> SINUSTON Breast Cream est un produit raffermissant, hydratant et \u00e9mollient pour les seins qui peut \u00eatre utilis\u00e9 par les femmes de tous \u00e2ges. Il est particuli\u00e8rement utile pour pr\u00e9venir l&rsquo;affaissement des seins (ptose) d\u00fb au vieillissement, \u00e0 la m\u00e9nopause, \u00e0 la grossesse et \u00e0 l&rsquo;allaitement. Il est \u00e9galement tr\u00e8s efficace pour pr\u00e9venir les vergetures caus\u00e9es par une perte de poids importante ou la fin de la p\u00e9riode d&rsquo;allaitement.<\/p>\n<\/div>\n<\/div>\n<\/div>\n<\/div>\n<\/div>\n<\/div>\n","protected":false},"featured_media":4495,"comment_status":"closed","ping_status":"open","template":"","meta":{"_acf_changed":false,"_seopress_robots_primary_cat":"none","_seopress_titles_title":"Cr\u00e8me pour les seins formul\u00e9e pour raffermir, hydrater et tonifier les seins.","_seopress_titles_desc":"Il s'agit d'une cr\u00e8me d'am\u00e9lioration mammaire hautement raffin\u00e9e, \u00e0 la texture somptueuse et au parfum d\u00e9licat, riche en facteurs hydratants, en extraits v\u00e9g\u00e9taux s\u00e9lectionn\u00e9s, en pr\u00e9curseurs de fibres de collag\u00e8ne et en vitamines renfor\u00e7ant les tissus, pour un soutien et une \u00e9lasticit\u00e9 accrus.","_seopress_robots_index":""},"product_brand":[],"product_cat":[178,211,152,192],"product_tag":[461],"class_list":{"0":"post-6243","1":"product","2":"type-product","3":"status-publish","4":"has-post-thumbnail","6":"product_cat-cholley-fr","7":"product_cat-produits-de-beaute-fr","8":"product_cat-produits-de-beaute","9":"product_cat-sinuston-fr","10":"product_tag-cremes-raffermissantes","12":"first","13":"instock","14":"shipping-taxable","15":"purchasable","16":"product-type-simple"},"acf":[],"_links":{"self":[{"href":"https:\/\/farmaciadellago.ch\/fr\/wp-json\/wp\/v2\/product\/6243","targetHints":{"allow":["GET"]}}],"collection":[{"href":"https:\/\/farmaciadellago.ch\/fr\/wp-json\/wp\/v2\/product"}],"about":[{"href":"https:\/\/farmaciadellago.ch\/fr\/wp-json\/wp\/v2\/types\/product"}],"replies":[{"embeddable":true,"href":"https:\/\/farmaciadellago.ch\/fr\/wp-json\/wp\/v2\/comments?post=6243"}],"wp:featuredmedia":[{"embeddable":true,"href":"https:\/\/farmaciadellago.ch\/fr\/wp-json\/wp\/v2\/media\/4495"}],"wp:attachment":[{"href":"https:\/\/farmaciadellago.ch\/fr\/wp-json\/wp\/v2\/media?parent=6243"}],"wp:term":[{"taxonomy":"product_brand","embeddable":true,"href":"https:\/\/farmaciadellago.ch\/fr\/wp-json\/wp\/v2\/product_brand?post=6243"},{"taxonomy":"product_cat","embeddable":true,"href":"https:\/\/farmaciadellago.ch\/fr\/wp-json\/wp\/v2\/product_cat?post=6243"},{"taxonomy":"product_tag","embeddable":true,"href":"https:\/\/farmaciadellago.ch\/fr\/wp-json\/wp\/v2\/product_tag?post=6243"}],"curies":[{"name":"wp","href":"https:\/\/api.w.org\/{rel}","templated":true}]}}