{"id":6516,"date":"2024-01-30T09:32:16","date_gmt":"2024-01-30T08:32:31","guid":{"rendered":"https:\/\/farmaciadellago.ch\/prodotto\/phytobiotech-creme-raffermissante-pour-le-cou\/"},"modified":"2024-11-20T18:49:04","modified_gmt":"2024-11-20T17:49:04","slug":"phytobiotech-creme-raffermissante-pour-le-cou","status":"publish","type":"product","link":"https:\/\/farmaciadellago.ch\/fr\/prodotto\/phytobiotech-creme-raffermissante-pour-le-cou\/","title":{"rendered":"Cr\u00e8me anti-\u00e2ge et raffermissante pour le cou"},"content":{"rendered":"","protected":false},"excerpt":{"rendered":"<h3><strong>Phytobiotech Cr\u00e8me raffermissante pour le cou<\/strong><\/h3>\n<p>Cr\u00e8me pour le cou toute neuve, jamais une cr\u00e8me n&rsquo;a autant affect\u00e9 cette partie du corps !<br \/>\nLa r\u00e9gion du cou supporte tout le poids de la t\u00eate et est presque constamment en mouvement. Il est soutenu par quelques muscles fins et relativement longs. La partie ant\u00e9rieure du cou est couverte par un muscle large et tr\u00e8s fin appel\u00e9 platysma. Ce muscle d\u00e9licat est le plus sujet \u00e0 l&rsquo;affaissement et \u00e0 la formation de rides larges et profondes dues au vieillissement chronologique et au photovieillissement.<\/p>\n<p>&nbsp;<\/p>\n<p>AVANTAGES:<\/p>\n<p>Les traitements anti-\u00e2ge et raffermissants de cette zone sont tr\u00e8s importants en raison de sa grande visibilit\u00e9 Cr\u00e8me anti-\u00e2ge et raffermissante puissante sp\u00e9cifiquement d\u00e9velopp\u00e9e pour la peau du menton, du cou et du d\u00e9collet\u00e9 pour r\u00e9pondre aux probl\u00e8mes du double menton (\u00e9galement connu sous le nom de cou de dinde) et des rides profondes.<\/p>\n<ul>\n<li>Action hydratante et filmog\u00e8ne intense,<\/li>\n<li>Action \u00e9molliente et \u00e9lastifiante intense pour la peau,<\/li>\n<li>Action anti-stress et antioxydante intense<\/li>\n<\/ul>\n","protected":false},"featured_media":7410,"comment_status":"open","ping_status":"open","template":"","meta":{"_acf_changed":false,"_seopress_robots_primary_cat":"none","_seopress_titles_title":"Phytobiotech Cr\u00e8me raffermissante pour le cou de Cholley","_seopress_titles_desc":"Cr\u00e8me pour le cou toute neuve, jamais une cr\u00e8me n'a autant affect\u00e9 cette partie du corps ! Puissante cr\u00e8me anti-\u00e2ge et raffermissante sp\u00e9cialement con\u00e7ue pour la peau du menton, du cou et du d\u00e9collet\u00e9 pour...","_seopress_robots_index":""},"product_brand":[],"product_cat":[178,207,211,152],"product_tag":[461],"class_list":{"0":"post-6516","1":"product","2":"type-product","3":"status-publish","4":"has-post-thumbnail","6":"product_cat-cholley-fr","7":"product_cat-phytobiotech-fr","8":"product_cat-produits-de-beaute-fr","9":"product_cat-produits-de-beaute","10":"product_tag-cremes-raffermissantes","12":"first","13":"instock","14":"featured","15":"shipping-taxable","16":"purchasable","17":"product-type-simple"},"acf":[],"_links":{"self":[{"href":"https:\/\/farmaciadellago.ch\/fr\/wp-json\/wp\/v2\/product\/6516","targetHints":{"allow":["GET"]}}],"collection":[{"href":"https:\/\/farmaciadellago.ch\/fr\/wp-json\/wp\/v2\/product"}],"about":[{"href":"https:\/\/farmaciadellago.ch\/fr\/wp-json\/wp\/v2\/types\/product"}],"replies":[{"embeddable":true,"href":"https:\/\/farmaciadellago.ch\/fr\/wp-json\/wp\/v2\/comments?post=6516"}],"wp:featuredmedia":[{"embeddable":true,"href":"https:\/\/farmaciadellago.ch\/fr\/wp-json\/wp\/v2\/media\/7410"}],"wp:attachment":[{"href":"https:\/\/farmaciadellago.ch\/fr\/wp-json\/wp\/v2\/media?parent=6516"}],"wp:term":[{"taxonomy":"product_brand","embeddable":true,"href":"https:\/\/farmaciadellago.ch\/fr\/wp-json\/wp\/v2\/product_brand?post=6516"},{"taxonomy":"product_cat","embeddable":true,"href":"https:\/\/farmaciadellago.ch\/fr\/wp-json\/wp\/v2\/product_cat?post=6516"},{"taxonomy":"product_tag","embeddable":true,"href":"https:\/\/farmaciadellago.ch\/fr\/wp-json\/wp\/v2\/product_tag?post=6516"}],"curies":[{"name":"wp","href":"https:\/\/api.w.org\/{rel}","templated":true}]}}