{"id":7042,"date":"2024-10-01T16:44:57","date_gmt":"2024-10-01T14:46:03","guid":{"rendered":"https:\/\/farmaciadellago.ch\/prodotto\/shots-high-collagen\/"},"modified":"2024-11-20T18:44:23","modified_gmt":"2024-11-20T17:44:23","slug":"shots-high-collagen","status":"publish","type":"product","link":"https:\/\/farmaciadellago.ch\/fr\/prodotto\/shots-high-collagen\/","title":{"rendered":"Shots HIGH COLLAGEN"},"content":{"rendered":"","protected":false},"excerpt":{"rendered":"<p>Pour des cheveux et des ongles magnifiques, un tissu conjonctif tonique et des articulations, des tendons et des os sains.<\/p>\n<ul>\n<li>Concentration \u00e9lev\u00e9e : 10 g de peptides de collag\u00e8ne par dose journali\u00e8re<\/li>\n<li>Un excellent rapport qualit\u00e9-prix<\/li>\n<li>Absorption optimale : gr\u00e2ce \u00e0 l&rsquo;hydrolyse enzymatique, les peptides de collag\u00e8ne, normalement trop volumineux pour \u00eatre facilement assimil\u00e9s par l&rsquo;organisme, sont r\u00e9duits en taille, ce qui facilite leur absorption.<\/li>\n<li>Effets confirm\u00e9s par des \u00e9tudes cliniques sur la peau, les cheveux, les ongles, le tissu conjonctif, les muscles, les fascias, les tendons, les ligaments et les os.<\/li>\n<li>Fabriqu\u00e9 avec des ingr\u00e9dients naturels, sans sucre et \u00e9dulcor\u00e9 avec de la st\u00e9via et du miel.<\/li>\n<li>Collag\u00e8ne d&rsquo;origine animale de haute qualit\u00e9 provenant de bovins \u00e9lev\u00e9s en Argentine, en collaboration avec des fermes s\u00e9lectionn\u00e9es et certifi\u00e9es.<\/li>\n<\/ul>\n<p>A<strong>bsorption rapide<\/strong>: HIGH COLLAGEN\u00ae utilise des peptides de collag\u00e8ne Solugel\u00ae de haute qualit\u00e9 et hautement concentr\u00e9s. Ces peptides sont des prot\u00e9ines pures, imm\u00e9diatement disponibles pour l&rsquo;organisme. D\u00e8s 15-30 minutes apr\u00e8s la prise, les peptides de collag\u00e8ne peuvent \u00eatre d\u00e9tect\u00e9s dans le sang, atteignant une concentration maximale en 1-2 heures et restant dans la circulation jusqu&rsquo;\u00e0 4-6 heures.<br \/>\nI <strong>ngr\u00e9dients<\/strong>: Eau, hydrolysat de collag\u00e8ne 36% (EU cattle), acidifiant : acide malique, acide L-ascorbique, jus de betterave, conservateur : benzoate de sodium, sorbate de potassium, cuivre, biotine, \u00e9dulcorant : miel de fleurs, st\u00e9via, ar\u00f4me (cassis &amp; cerise).<br \/>\nC <strong>onditionnement<\/strong>: Un paquet contient 7 doses pour une semaine.<br \/>\nP <strong>osologie<\/strong>: Prendre une dose pure par jour. Un cycle de traitement d&rsquo;au moins 3 mois est recommand\u00e9.  <\/p>\n","protected":false},"featured_media":7325,"comment_status":"open","ping_status":"open","template":"","meta":{"_acf_changed":false,"_seopress_robots_primary_cat":"none","_seopress_titles_title":"Shots HIGH COLLAGEN","_seopress_titles_desc":"HIGH COLLAGEN\u00ae Shots est un suppl\u00e9ment de collag\u00e8ne \u00e0 haute dose dont les effets sur la peau, les cheveux, les ongles, le tissu conjonctif, les muscles, les fascias, les tendons, les ligaments et les os ont \u00e9t\u00e9 cliniquement confirm\u00e9s.","_seopress_robots_index":""},"product_brand":[],"product_cat":[368],"product_tag":[458],"class_list":{"0":"post-7042","1":"product","2":"type-product","3":"status-publish","4":"has-post-thumbnail","6":"product_cat-produits-de-longevite","7":"product_tag-collagene-fr","9":"first","10":"instock","11":"featured","12":"shipping-taxable","13":"purchasable","14":"product-type-simple"},"acf":[],"_links":{"self":[{"href":"https:\/\/farmaciadellago.ch\/fr\/wp-json\/wp\/v2\/product\/7042","targetHints":{"allow":["GET"]}}],"collection":[{"href":"https:\/\/farmaciadellago.ch\/fr\/wp-json\/wp\/v2\/product"}],"about":[{"href":"https:\/\/farmaciadellago.ch\/fr\/wp-json\/wp\/v2\/types\/product"}],"replies":[{"embeddable":true,"href":"https:\/\/farmaciadellago.ch\/fr\/wp-json\/wp\/v2\/comments?post=7042"}],"wp:featuredmedia":[{"embeddable":true,"href":"https:\/\/farmaciadellago.ch\/fr\/wp-json\/wp\/v2\/media\/7325"}],"wp:attachment":[{"href":"https:\/\/farmaciadellago.ch\/fr\/wp-json\/wp\/v2\/media?parent=7042"}],"wp:term":[{"taxonomy":"product_brand","embeddable":true,"href":"https:\/\/farmaciadellago.ch\/fr\/wp-json\/wp\/v2\/product_brand?post=7042"},{"taxonomy":"product_cat","embeddable":true,"href":"https:\/\/farmaciadellago.ch\/fr\/wp-json\/wp\/v2\/product_cat?post=7042"},{"taxonomy":"product_tag","embeddable":true,"href":"https:\/\/farmaciadellago.ch\/fr\/wp-json\/wp\/v2\/product_tag?post=7042"}],"curies":[{"name":"wp","href":"https:\/\/api.w.org\/{rel}","templated":true}]}}