{"id":7059,"date":"2024-10-01T16:49:58","date_gmt":"2024-10-01T14:50:21","guid":{"rendered":"https:\/\/farmaciadellago.ch\/prodotto\/spermidinelife-boost\/"},"modified":"2024-11-20T18:43:44","modified_gmt":"2024-11-20T17:43:44","slug":"spermidinelife-boost","status":"publish","type":"product","link":"https:\/\/farmaciadellago.ch\/fr\/prodotto\/spermidinelife-boost\/","title":{"rendered":"SpermidineLIFE\u00ae Boost+"},"content":{"rendered":"","protected":false},"excerpt":{"rendered":"<p>Un regain d&rsquo;\u00e9nergie pour les cellules stress\u00e9es.<\/p>\n<ul>\n<li>Paquet de 30 sachets pour un mois de traitement<\/li>\n<li>Contient 3 mg de spermidine naturelle par dose journali\u00e8re.<\/li>\n<li>Concentration maximale pour une utilisation \u00e0 long terme et la sant\u00e9 cellulaire<\/li>\n<\/ul>\n<p>En p\u00e9riode de stress ou avec l&rsquo;\u00e2ge, l&rsquo;organisme peut avoir besoin d&rsquo;un soutien suppl\u00e9mentaire. <strong>spermidineLIFE\u00ae Boost+<\/strong> fournit un apport quotidien de 3 mg de spermidine naturelle, ainsi que du zinc et de la thiamine, qui favorisent le renouvellement cellulaire. Il est id\u00e9al pour apporter aux cellules le soutien suppl\u00e9mentaire dont elles ont besoin dans les moments les plus difficiles.<br \/>\nI <strong>ngr\u00e9dients<\/strong>: Extrait de germe de bl\u00e9 \u00e0 haute teneur en spermidine, poudre de jus de pomme, poudre de jus de citron, anti-agglom\u00e9rant : phosphate tricalcique, colorant : carot\u00e8ne, gluconate de zinc, acidifiant : acide citrique, chlorhydrate de thiamine.<br \/>\nC <strong>onditionnement<\/strong>: Un paquet contient 30 sachets pour un mois.<br \/>\nC <strong>onsommation recommand\u00e9e<\/strong>: M\u00e9langez un sachet par jour dans un verre d&rsquo;eau et d\u00e9gustez. <\/p>\n","protected":false},"featured_media":7317,"comment_status":"open","ping_status":"open","template":"","meta":{"_acf_changed":false,"_seopress_robots_primary_cat":"none","_seopress_titles_title":"SpermidineLIFE\u00ae Boost+","_seopress_titles_desc":"SpermidineLIFE\u00ae Boost+ est un compl\u00e9ment qui favorise le renouvellement cellulaire, en soutenant l'organisme pendant les phases de stress ou les processus li\u00e9s \u00e0 l'\u00e2ge.","_seopress_robots_index":""},"product_brand":[],"product_cat":[368],"product_tag":[446],"class_list":{"0":"post-7059","1":"product","2":"type-product","3":"status-publish","4":"has-post-thumbnail","6":"product_cat-produits-de-longevite","7":"product_tag-lenergie","9":"first","10":"instock","11":"featured","12":"shipping-taxable","13":"purchasable","14":"product-type-simple"},"acf":[],"_links":{"self":[{"href":"https:\/\/farmaciadellago.ch\/fr\/wp-json\/wp\/v2\/product\/7059","targetHints":{"allow":["GET"]}}],"collection":[{"href":"https:\/\/farmaciadellago.ch\/fr\/wp-json\/wp\/v2\/product"}],"about":[{"href":"https:\/\/farmaciadellago.ch\/fr\/wp-json\/wp\/v2\/types\/product"}],"replies":[{"embeddable":true,"href":"https:\/\/farmaciadellago.ch\/fr\/wp-json\/wp\/v2\/comments?post=7059"}],"wp:featuredmedia":[{"embeddable":true,"href":"https:\/\/farmaciadellago.ch\/fr\/wp-json\/wp\/v2\/media\/7317"}],"wp:attachment":[{"href":"https:\/\/farmaciadellago.ch\/fr\/wp-json\/wp\/v2\/media?parent=7059"}],"wp:term":[{"taxonomy":"product_brand","embeddable":true,"href":"https:\/\/farmaciadellago.ch\/fr\/wp-json\/wp\/v2\/product_brand?post=7059"},{"taxonomy":"product_cat","embeddable":true,"href":"https:\/\/farmaciadellago.ch\/fr\/wp-json\/wp\/v2\/product_cat?post=7059"},{"taxonomy":"product_tag","embeddable":true,"href":"https:\/\/farmaciadellago.ch\/fr\/wp-json\/wp\/v2\/product_tag?post=7059"}],"curies":[{"name":"wp","href":"https:\/\/api.w.org\/{rel}","templated":true}]}}