{"id":7129,"date":"2024-02-26T14:50:51","date_gmt":"2024-10-31T12:47:08","guid":{"rendered":"https:\/\/farmaciadellago.ch\/prodotto\/calzuro-classics-sans-trous\/"},"modified":"2024-11-20T18:13:13","modified_gmt":"2024-11-20T17:13:13","slug":"calzuro-classics-sans-trous","status":"publish","type":"product","link":"https:\/\/farmaciadellago.ch\/fr\/prodotto\/calzuro-classics-sans-trous\/","title":{"rendered":"Calzuro Classics sans trous"},"content":{"rendered":"","protected":false},"excerpt":{"rendered":"<h2>SABOTS HYGI\u00c9NIQUES \u00ab\u00a0CLASSIQUES\u00a0\u00bb SANS TROUS DE CALZURO : LES SABOTS ID\u00c9AUX POUR LES INFIRMI\u00c8RES, LES M\u00c9DECINS ET LES PROFESSIONNELS<\/h2>\n<ul>\n<li><strong>R\u00c9SISTANT ET DURABLE<\/strong>: un m\u00e9lange sp\u00e9cial de technopolym\u00e8res permet d&rsquo;obtenir <strong>des performances thermiques et m\u00e9caniques \u00e9lev\u00e9es pour les<\/strong> plinthes en caoutchouc Classic ; la construction en une seule pi\u00e8ce garantit une longue dur\u00e9e de vie. <\/li>\n<li>CONFORTABLES ET S\u00dbRES. <strong>Antistatiques et antid\u00e9rapantes <\/strong>(semelle certifi\u00e9e SRC), leur forme anatomique et les coussinets de la semelle int\u00e9rieure <strong>favorisent la microcirculation <\/strong>sanguine et <strong>r\u00e9duisent la fatigue<\/strong>.<\/li>\n<li>OBSTRUE LES CANAUX DE DISTRIBUTION POUR LES INFIRMI\u00c8RES, LES M\u00c9DECINS ET LES PROFESSIONNELS<\/li>\n<li><strong>Sabots AUTOCLAVABLES <\/strong>jusqu&rsquo;\u00e0 134\u00b0C. Id\u00e9al pour les travaux n\u00e9cessitant des sabots sanitaires <strong>st\u00e9rilisables<\/strong>. <strong>Lavables en machine jusqu&rsquo;\u00e0 90\u00b0C.<\/strong> <\/li>\n<li>100% MADE IN ITALY et sans latex.<\/li>\n<li>Dessus sans trous pour une <strong>protection maximale du<\/strong> pied.<\/li>\n<li>Coupe large &#8211; il est recommand\u00e9 de prendre une demi-taille de moins que votre taille habituelle.<\/li>\n<\/ul>\n<div><\/div>\n<div>Id\u00e9al pour les personnes qui passent de longues heures debout, qui ont besoin d&rsquo;un produit autoclavable et st\u00e9rilisable \u00e0 haute temp\u00e9rature, qui souffrent de maux de dos ou de fatigue des jambes, et qui ont besoin d&rsquo;un soutien ad\u00e9quat des jambes et du dos, tant dans le secteur professionnel que dans celui des loisirs. Avec les sabots hygi\u00e9niques Calzuro Classic, vous \u00eates toujours s\u00fbr de porter un produit s\u00fbr et durable ! <\/div>\n","protected":false},"featured_media":7418,"comment_status":"open","ping_status":"open","template":"","meta":{"_acf_changed":false,"_seopress_robots_primary_cat":"none","_seopress_titles_title":"Sabots classiques Calzuro sans trous - Farmacia del Lago","_seopress_titles_desc":"Sabots Calzuro sans trous disponibles chez Farmacia del Lago, \u00e9galement dans notre boutique en ligne. Durables, confortables et s\u00fbrs, ils sont id\u00e9aux pour le personnel de sant\u00e9. ","_seopress_robots_index":""},"product_brand":[],"product_cat":[380],"product_tag":[450],"class_list":{"0":"post-7129","1":"product","2":"type-product","3":"status-publish","4":"has-post-thumbnail","6":"product_cat-chaussures","7":"product_tag-calzuro-fr","9":"first","10":"instock","11":"shipping-taxable","12":"purchasable","13":"product-type-variable"},"acf":[],"_links":{"self":[{"href":"https:\/\/farmaciadellago.ch\/fr\/wp-json\/wp\/v2\/product\/7129","targetHints":{"allow":["GET"]}}],"collection":[{"href":"https:\/\/farmaciadellago.ch\/fr\/wp-json\/wp\/v2\/product"}],"about":[{"href":"https:\/\/farmaciadellago.ch\/fr\/wp-json\/wp\/v2\/types\/product"}],"replies":[{"embeddable":true,"href":"https:\/\/farmaciadellago.ch\/fr\/wp-json\/wp\/v2\/comments?post=7129"}],"wp:featuredmedia":[{"embeddable":true,"href":"https:\/\/farmaciadellago.ch\/fr\/wp-json\/wp\/v2\/media\/7418"}],"wp:attachment":[{"href":"https:\/\/farmaciadellago.ch\/fr\/wp-json\/wp\/v2\/media?parent=7129"}],"wp:term":[{"taxonomy":"product_brand","embeddable":true,"href":"https:\/\/farmaciadellago.ch\/fr\/wp-json\/wp\/v2\/product_brand?post=7129"},{"taxonomy":"product_cat","embeddable":true,"href":"https:\/\/farmaciadellago.ch\/fr\/wp-json\/wp\/v2\/product_cat?post=7129"},{"taxonomy":"product_tag","embeddable":true,"href":"https:\/\/farmaciadellago.ch\/fr\/wp-json\/wp\/v2\/product_tag?post=7129"}],"curies":[{"name":"wp","href":"https:\/\/api.w.org\/{rel}","templated":true}]}}