{"id":7151,"date":"2024-02-26T14:11:19","date_gmt":"2024-10-31T12:56:24","guid":{"rendered":"https:\/\/farmaciadellago.ch\/prodotto\/calzuro-classics-avec-trous\/"},"modified":"2024-11-20T18:16:48","modified_gmt":"2024-11-20T17:16:48","slug":"calzuro-classics-avec-trous","status":"publish","type":"product","link":"https:\/\/farmaciadellago.ch\/fr\/prodotto\/calzuro-classics-avec-trous\/","title":{"rendered":"Calzuro Classics avec trous"},"content":{"rendered":"","protected":false},"excerpt":{"rendered":"<h2>SABOTS HYGI\u00c9NIQUES \u00ab\u00a0CLASSIQUES\u00a0\u00bb \u00c0 TROUS DE CALZURO : LES SABOTS ID\u00c9AUX POUR LES INFIRMI\u00c8RES, LES M\u00c9DECINS ET LES PROFESSIONS LIB\u00c9RALES<\/h2>\n<ul>\n<li><strong>R\u00c9SISTANT ET DURABLE<\/strong>: un m\u00e9lange sp\u00e9cial de technopolym\u00e8res permet d&rsquo;obtenir <strong>des performances thermiques et m\u00e9caniques \u00e9lev\u00e9es pour les<\/strong> plinthes en caoutchouc Classic ; la construction en une seule pi\u00e8ce garantit une longue dur\u00e9e de vie. <\/li>\n<li>CONFORTABLES ET S\u00dbRES. <strong>Antistatiques et antid\u00e9rapantes <\/strong>(semelle certifi\u00e9e SRC), leur forme anatomique et les coussinets de la semelle int\u00e9rieure <strong>favorisent la microcirculation <\/strong>sanguine et <strong>r\u00e9duisent la fatigue<\/strong>.<\/li>\n<li>OBSTRUE LES CANAUX DE DISTRIBUTION POUR LES INFIRMI\u00c8RES, LES M\u00c9DECINS ET LES PROFESSIONNELS<\/li>\n<li><strong>Sabots AUTOCLAVABLES <\/strong>jusqu&rsquo;\u00e0 134\u00b0C. Id\u00e9al pour les travaux n\u00e9cessitant des sabots sanitaires <strong>st\u00e9rilisables<\/strong>. <strong>Lavables en machine jusqu&rsquo;\u00e0 90\u00b0C.<\/strong> <\/li>\n<li>100% MADE IN ITALY et sans latex.<\/li>\n<li>Perforation de l&#8217;empeigne et des trous lat\u00e9raux pour une <strong>meilleure ventilation du<\/strong> pied.<\/li>\n<li>Coupe large &#8211; il est recommand\u00e9 de prendre une demi-taille de moins que votre taille habituelle.<\/li>\n<\/ul>\n<div><\/div>\n<div>Id\u00e9al pour ceux qui passent de nombreuses heures debout, ceux qui ont besoin d&rsquo;un produit pouvant \u00eatre st\u00e9rilis\u00e9 en autoclave et \u00e0 haute temp\u00e9rature, ceux qui souffrent de maux de dos et de jambes fatigu\u00e9es, et ceux qui recherchent un soutien optimal pour leurs jambes et leur dos, que ce soit au travail, \u00e0 la maison ou pendant leur temps libre. Avec les sabots hygi\u00e9niques \u00e0 trous Calzuro Classic, vous \u00eates toujours s\u00fbr de porter un produit s\u00fbr et durable !<\/div>\n","protected":false},"featured_media":7414,"comment_status":"open","ping_status":"open","template":"","meta":{"_acf_changed":false,"_seopress_robots_primary_cat":"none","_seopress_titles_title":"Sabots \u00e0 trous Calzuro Classic - Farmacia del Lago","_seopress_titles_desc":"Sabots \u00e0 trous Calzuro disponibles chez Farmacia del Lago, \u00e9galement dans notre boutique en ligne. R\u00e9sistants, confortables et s\u00fbrs, id\u00e9aux pour le personnel de sant\u00e9. ","_seopress_robots_index":""},"product_brand":[],"product_cat":[380],"product_tag":[450],"class_list":{"0":"post-7151","1":"product","2":"type-product","3":"status-publish","4":"has-post-thumbnail","6":"product_cat-chaussures","7":"product_tag-calzuro-fr","9":"first","10":"instock","11":"shipping-taxable","12":"purchasable","13":"product-type-variable"},"acf":[],"_links":{"self":[{"href":"https:\/\/farmaciadellago.ch\/fr\/wp-json\/wp\/v2\/product\/7151","targetHints":{"allow":["GET"]}}],"collection":[{"href":"https:\/\/farmaciadellago.ch\/fr\/wp-json\/wp\/v2\/product"}],"about":[{"href":"https:\/\/farmaciadellago.ch\/fr\/wp-json\/wp\/v2\/types\/product"}],"replies":[{"embeddable":true,"href":"https:\/\/farmaciadellago.ch\/fr\/wp-json\/wp\/v2\/comments?post=7151"}],"wp:featuredmedia":[{"embeddable":true,"href":"https:\/\/farmaciadellago.ch\/fr\/wp-json\/wp\/v2\/media\/7414"}],"wp:attachment":[{"href":"https:\/\/farmaciadellago.ch\/fr\/wp-json\/wp\/v2\/media?parent=7151"}],"wp:term":[{"taxonomy":"product_brand","embeddable":true,"href":"https:\/\/farmaciadellago.ch\/fr\/wp-json\/wp\/v2\/product_brand?post=7151"},{"taxonomy":"product_cat","embeddable":true,"href":"https:\/\/farmaciadellago.ch\/fr\/wp-json\/wp\/v2\/product_cat?post=7151"},{"taxonomy":"product_tag","embeddable":true,"href":"https:\/\/farmaciadellago.ch\/fr\/wp-json\/wp\/v2\/product_tag?post=7151"}],"curies":[{"name":"wp","href":"https:\/\/api.w.org\/{rel}","templated":true}]}}